{"id":13,"date":"2025-03-12T07:48:18","date_gmt":"2025-03-12T07:48:18","guid":{"rendered":"https:\/\/avantidressyr.se\/?page_id=13"},"modified":"2026-03-11T20:20:15","modified_gmt":"2026-03-11T20:20:15","slug":"om-oss","status":"publish","type":"page","link":"https:\/\/avantidressyr.se\/en\/om-oss\/","title":{"rendered":"About Us"},"content":{"rendered":"<div data-elementor-type=\"wp-page\" data-elementor-id=\"13\" class=\"elementor elementor-13\" data-elementor-post-type=\"page\">\n\t\t\t\t<div class=\"elementor-element elementor-element-31ba05a e-flex e-con-boxed e-con e-parent\" data-id=\"31ba05a\" data-element_type=\"container\" data-settings=\"{&quot;background_background&quot;:&quot;classic&quot;}\">\n\t\t\t\t\t<div class=\"e-con-inner\">\n\t\t\t\t<div class=\"elementor-element elementor-element-5f77913 elementor-widget elementor-widget-heading\" data-id=\"5f77913\" data-element_type=\"widget\" data-widget_type=\"heading.default\">\n\t\t\t\t<div class=\"elementor-widget-container\">\n\t\t\t\t\t<h2 class=\"elementor-heading-title elementor-size-default\">About Us<\/h2>\t\t\t\t<\/div>\n\t\t\t\t<\/div>\n\t\t\t\t\t<\/div>\n\t\t\t\t<\/div>\n\t\t<div class=\"elementor-element elementor-element-78659da e-flex e-con-boxed e-con e-parent\" data-id=\"78659da\" data-element_type=\"container\">\n\t\t\t\t\t<div class=\"e-con-inner\">\n\t\t\t\t<div class=\"elementor-element elementor-element-361fb2d elementor-widget-divider--view-line_text elementor-widget-divider--element-align-left elementor-widget elementor-widget-divider\" data-id=\"361fb2d\" data-element_type=\"widget\" data-widget_type=\"divider.default\">\n\t\t\t\t<div class=\"elementor-widget-container\">\n\t\t\t\t\t\t\t<div class=\"elementor-divider\">\n\t\t\t<span class=\"elementor-divider-separator\">\n\t\t\t\t\t\t\t<span class=\"elementor-divider__text elementor-divider__element\">\n\t\t\t\tContact Us\t\t\t\t<\/span>\n\t\t\t\t\t\t<\/span>\n\t\t<\/div>\n\t\t\t\t\t\t<\/div>\n\t\t\t\t<\/div>\n\t\t\t\t<div class=\"elementor-element elementor-element-5bec338 elementor-widget elementor-widget-heading\" data-id=\"5bec338\" data-element_type=\"widget\" data-widget_type=\"heading.default\">\n\t\t\t\t<div class=\"elementor-widget-container\">\n\t\t\t\t\t<h2 class=\"elementor-heading-title elementor-size-default\">The Board Of Avanti Dressage<\/h2>\t\t\t\t<\/div>\n\t\t\t\t<\/div>\n\t\t\t\t<div class=\"elementor-element elementor-element-c449c6b elementor-widget__width-initial elementor-widget elementor-widget-text-editor\" data-id=\"c449c6b\" data-element_type=\"widget\" data-widget_type=\"text-editor.default\">\n\t\t\t\t<div class=\"elementor-widget-container\">\n\t\t\t\t\t\t\t\t\tWould you like to get in touch with our board? Email us at <a style=\"color: #D0A344;\" href=\"mailto:info@avantidressyr.se\">info@avantidressyr.se<\/a>\n<br>\nWe will get back to you as soon as possible! The board of Avanti Dressyr for 2025-2027 consists of:\t\t\t\t\t\t\t\t<\/div>\n\t\t\t\t<\/div>\n\t\t<div class=\"elementor-element elementor-element-1553da4 e-con-full e-flex e-con e-child\" data-id=\"1553da4\" data-element_type=\"container\">\n\t\t<div class=\"elementor-element elementor-element-a3642b7 e-con-full e-flex e-con e-child\" data-id=\"a3642b7\" data-element_type=\"container\">\n\t\t\t\t<div class=\"elementor-element elementor-element-6614d3e elementor-widget elementor-widget-jkit_team\" data-id=\"6614d3e\" data-element_type=\"widget\" data-widget_type=\"jkit_team.default\">\n\t\t\t\t<div class=\"elementor-widget-container\">\n\t\t\t\t\t<div  class=\"jeg-elementor-kit jkit-team style-default  jeg_module___69f42651e77d1\" ><div class=\"profile-box\">\n                <div class=\"profile-card\">\n                    <div class=\"profile-header jkit-team-img\"><img fetchpriority=\"high\" decoding=\"async\" width=\"1680\" height=\"1924\" src=\"https:\/\/avantidressyr.se\/wp-content\/uploads\/2025\/03\/Picture2-2-1.jpg\" class=\"attachment-full size-full\" alt=\"Anders Bj\u00f6rk\" url=\"https:\/\/avantidressyr.se\/wp-content\/uploads\/2025\/03\/Picture2-2-1.jpg\" source=\"library\" srcset=\"https:\/\/avantidressyr.se\/wp-content\/uploads\/2025\/03\/Picture2-2-1.jpg 1680w, https:\/\/avantidressyr.se\/wp-content\/uploads\/2025\/03\/Picture2-2-1-262x300.jpg 262w, https:\/\/avantidressyr.se\/wp-content\/uploads\/2025\/03\/Picture2-2-1-894x1024.jpg 894w, https:\/\/avantidressyr.se\/wp-content\/uploads\/2025\/03\/Picture2-2-1-768x880.jpg 768w, https:\/\/avantidressyr.se\/wp-content\/uploads\/2025\/03\/Picture2-2-1-1341x1536.jpg 1341w\" sizes=\"(max-width: 1680px) 100vw, 1680px\" \/><\/div>\n                    <div class=\"profile-body\">\n                <h2 class=\"profile-title\">Anders Bj\u00f6rk<\/h2>\n                <p class=\"profile-designation\">President<\/p>\n                <p class=\"profile-content\">Former councilor, lawyer and reserve officer<\/p>\n            <\/div>\n            <div class=\"profile-footer\">\n                <ul class=\"social-list\"><\/ul>\n            <\/div>\n                    \n                <\/div>\n            <\/div><\/div>\t\t\t\t<\/div>\n\t\t\t\t<\/div>\n\t\t\t\t<\/div>\n\t\t<div class=\"elementor-element elementor-element-ec7a93a e-con-full e-flex e-con e-child\" data-id=\"ec7a93a\" data-element_type=\"container\">\n\t\t\t\t<div class=\"elementor-element elementor-element-40c1c30 elementor-widget elementor-widget-jkit_team\" data-id=\"40c1c30\" data-element_type=\"widget\" data-widget_type=\"jkit_team.default\">\n\t\t\t\t<div class=\"elementor-widget-container\">\n\t\t\t\t\t<div  class=\"jeg-elementor-kit jkit-team style-default  jeg_module__1_69f42651e83d1\" ><div class=\"profile-box\">\n                <div class=\"profile-card\">\n                    <div class=\"profile-header jkit-team-img\"><img decoding=\"async\" width=\"1680\" height=\"1924\" src=\"https:\/\/avantidressyr.se\/wp-content\/uploads\/2025\/03\/Picture2-1.jpg\" class=\"attachment-full size-full\" alt=\"Eva Salomon\" url=\"https:\/\/avantidressyr.se\/wp-content\/uploads\/2025\/03\/Picture2-1.jpg\" source=\"library\" srcset=\"https:\/\/avantidressyr.se\/wp-content\/uploads\/2025\/03\/Picture2-1.jpg 1680w, https:\/\/avantidressyr.se\/wp-content\/uploads\/2025\/03\/Picture2-1-262x300.jpg 262w, https:\/\/avantidressyr.se\/wp-content\/uploads\/2025\/03\/Picture2-1-894x1024.jpg 894w, https:\/\/avantidressyr.se\/wp-content\/uploads\/2025\/03\/Picture2-1-768x880.jpg 768w, https:\/\/avantidressyr.se\/wp-content\/uploads\/2025\/03\/Picture2-1-1341x1536.jpg 1341w\" sizes=\"(max-width: 1680px) 100vw, 1680px\" \/><\/div>\n                    <div class=\"profile-body\">\n                <h2 class=\"profile-title\">Eva Salomon<\/h2>\n                <p class=\"profile-designation\">Deputy Chairman<\/p>\n                <p class=\"profile-content\">Former dressage manager FEI or US Equestrian Federation<\/p>\n            <\/div>\n            <div class=\"profile-footer\">\n                <ul class=\"social-list\"><\/ul>\n            <\/div>\n                    \n                <\/div>\n            <\/div><\/div>\t\t\t\t<\/div>\n\t\t\t\t<\/div>\n\t\t\t\t<\/div>\n\t\t<div class=\"elementor-element elementor-element-2cdbe67 e-con-full e-flex e-con e-child\" data-id=\"2cdbe67\" data-element_type=\"container\">\n\t\t\t\t<div class=\"elementor-element elementor-element-2a6a3a2 elementor-widget elementor-widget-jkit_team\" data-id=\"2a6a3a2\" data-element_type=\"widget\" data-widget_type=\"jkit_team.default\">\n\t\t\t\t<div class=\"elementor-widget-container\">\n\t\t\t\t\t<div  class=\"jeg-elementor-kit jkit-team style-default  jeg_module__2_69f42651e93f0\" ><div class=\"profile-box\">\n                <div class=\"profile-card\">\n                    <div class=\"profile-header jkit-team-img\"><img decoding=\"async\" width=\"1680\" height=\"1924\" src=\"https:\/\/avantidressyr.se\/wp-content\/uploads\/2025\/03\/Picture2-4-1.jpg\" class=\"attachment-full size-full\" alt=\"Magnus Ringmark\" url=\"https:\/\/avantidressyr.se\/wp-content\/uploads\/2025\/03\/Picture2-4-1.jpg\" source=\"library\" srcset=\"https:\/\/avantidressyr.se\/wp-content\/uploads\/2025\/03\/Picture2-4-1.jpg 1680w, https:\/\/avantidressyr.se\/wp-content\/uploads\/2025\/03\/Picture2-4-1-262x300.jpg 262w, https:\/\/avantidressyr.se\/wp-content\/uploads\/2025\/03\/Picture2-4-1-894x1024.jpg 894w, https:\/\/avantidressyr.se\/wp-content\/uploads\/2025\/03\/Picture2-4-1-768x880.jpg 768w, https:\/\/avantidressyr.se\/wp-content\/uploads\/2025\/03\/Picture2-4-1-1341x1536.jpg 1341w\" sizes=\"(max-width: 1680px) 100vw, 1680px\" \/><\/div>\n                    <div class=\"profile-body\">\n                <h2 class=\"profile-title\">Magnus Ringmark<\/h2>\n                <p class=\"profile-designation\">Cashier<\/p>\n                <p class=\"profile-content\">Olympic dressage judge and chief physician<\/p>\n            <\/div>\n            <div class=\"profile-footer\">\n                <ul class=\"social-list\"><\/ul>\n            <\/div>\n                    \n                <\/div>\n            <\/div><\/div>\t\t\t\t<\/div>\n\t\t\t\t<\/div>\n\t\t\t\t<\/div>\n\t\t\t\t<\/div>\n\t\t<div class=\"elementor-element elementor-element-ab2b11f e-con-full e-flex e-con e-child\" data-id=\"ab2b11f\" data-element_type=\"container\">\n\t\t<div class=\"elementor-element elementor-element-16a0cf4 e-con-full e-flex e-con e-child\" data-id=\"16a0cf4\" data-element_type=\"container\">\n\t\t\t\t<div class=\"elementor-element elementor-element-0548137 elementor-widget elementor-widget-jkit_team\" data-id=\"0548137\" data-element_type=\"widget\" data-widget_type=\"jkit_team.default\">\n\t\t\t\t<div class=\"elementor-widget-container\">\n\t\t\t\t\t<div  class=\"jeg-elementor-kit jkit-team style-default  jeg_module__3_69f42651ea064\" ><div class=\"profile-box\">\n                <div class=\"profile-card\">\n                    <div class=\"profile-header jkit-team-img\"><img loading=\"lazy\" decoding=\"async\" width=\"1680\" height=\"1924\" src=\"https:\/\/avantidressyr.se\/wp-content\/uploads\/2025\/03\/Picture2-3-1.jpg\" class=\"attachment-full size-full\" alt=\"Ann-Charlotte S\u00f6derlund Bj\u00f6rk\" url=\"https:\/\/avantidressyr.se\/wp-content\/uploads\/2025\/03\/Picture2-3-1.jpg\" source=\"library\" srcset=\"https:\/\/avantidressyr.se\/wp-content\/uploads\/2025\/03\/Picture2-3-1.jpg 1680w, https:\/\/avantidressyr.se\/wp-content\/uploads\/2025\/03\/Picture2-3-1-262x300.jpg 262w, https:\/\/avantidressyr.se\/wp-content\/uploads\/2025\/03\/Picture2-3-1-894x1024.jpg 894w, https:\/\/avantidressyr.se\/wp-content\/uploads\/2025\/03\/Picture2-3-1-768x880.jpg 768w, https:\/\/avantidressyr.se\/wp-content\/uploads\/2025\/03\/Picture2-3-1-1341x1536.jpg 1341w\" sizes=\"(max-width: 1680px) 100vw, 1680px\" \/><\/div>\n                    <div class=\"profile-body\">\n                <h2 class=\"profile-title\">Ann-Charlotte S\u00f6derlund Bj\u00f6rk<\/h2>\n                <p class=\"profile-designation\">Secretary<\/p>\n                <p class=\"profile-content\">Lawyer, former member of the Dressage Committee SvRF<\/p>\n            <\/div>\n            <div class=\"profile-footer\">\n                <ul class=\"social-list\"><\/ul>\n            <\/div>\n                    \n                <\/div>\n            <\/div><\/div>\t\t\t\t<\/div>\n\t\t\t\t<\/div>\n\t\t\t\t<\/div>\n\t\t<div class=\"elementor-element elementor-element-840d172 e-con-full e-flex e-con e-child\" data-id=\"840d172\" data-element_type=\"container\">\n\t\t\t\t<div class=\"elementor-element elementor-element-d388c0a elementor-widget elementor-widget-jkit_team\" data-id=\"d388c0a\" data-element_type=\"widget\" data-widget_type=\"jkit_team.default\">\n\t\t\t\t<div class=\"elementor-widget-container\">\n\t\t\t\t\t<div  class=\"jeg-elementor-kit jkit-team style-default  jeg_module__4_69f42651eb387\" ><div class=\"profile-box\">\n                <div class=\"profile-card\">\n                    <div class=\"profile-header jkit-team-img\"><img loading=\"lazy\" decoding=\"async\" width=\"1680\" height=\"1924\" src=\"https:\/\/avantidressyr.se\/wp-content\/uploads\/2025\/03\/Picture2-5-1.jpg\" class=\"attachment-full size-full\" alt=\"Malin Mor\u00e9n Durnford\" url=\"https:\/\/avantidressyr.se\/wp-content\/uploads\/2025\/03\/Picture2-5-1.jpg\" source=\"library\" srcset=\"https:\/\/avantidressyr.se\/wp-content\/uploads\/2025\/03\/Picture2-5-1.jpg 1680w, https:\/\/avantidressyr.se\/wp-content\/uploads\/2025\/03\/Picture2-5-1-262x300.jpg 262w, https:\/\/avantidressyr.se\/wp-content\/uploads\/2025\/03\/Picture2-5-1-894x1024.jpg 894w, https:\/\/avantidressyr.se\/wp-content\/uploads\/2025\/03\/Picture2-5-1-768x880.jpg 768w, https:\/\/avantidressyr.se\/wp-content\/uploads\/2025\/03\/Picture2-5-1-1341x1536.jpg 1341w\" sizes=\"(max-width: 1680px) 100vw, 1680px\" \/><\/div>\n                    <div class=\"profile-body\">\n                <h2 class=\"profile-title\">Malin Mor\u00e9n Durnford<\/h2>\n                <p class=\"profile-designation\">Member<\/p>\n                <p class=\"profile-content\">Entrepreneur, behavioral scientist and dressage rider<\/p>\n            <\/div>\n            <div class=\"profile-footer\">\n                <ul class=\"social-list\"><\/ul>\n            <\/div>\n                    \n                <\/div>\n            <\/div><\/div>\t\t\t\t<\/div>\n\t\t\t\t<\/div>\n\t\t\t\t<\/div>\n\t\t<div class=\"elementor-element elementor-element-a44cbde e-con-full e-flex e-con e-child\" data-id=\"a44cbde\" data-element_type=\"container\">\n\t\t\t\t<div class=\"elementor-element elementor-element-3bc9f69 elementor-widget elementor-widget-jkit_team\" data-id=\"3bc9f69\" data-element_type=\"widget\" data-widget_type=\"jkit_team.default\">\n\t\t\t\t<div class=\"elementor-widget-container\">\n\t\t\t\t\t<div  class=\"jeg-elementor-kit jkit-team style-default  jeg_module__5_69f42651ebf78\" ><div class=\"profile-box\">\n                <div class=\"profile-card\">\n                    <div class=\"profile-header jkit-team-img\"><img loading=\"lazy\" decoding=\"async\" width=\"1680\" height=\"1924\" src=\"https:\/\/avantidressyr.se\/wp-content\/uploads\/2025\/03\/Picture2-6-1.jpg\" class=\"attachment-full size-full\" alt=\"Liane Wachtmeister\" url=\"https:\/\/avantidressyr.se\/wp-content\/uploads\/2025\/03\/Picture2-6-1.jpg\" source=\"library\" srcset=\"https:\/\/avantidressyr.se\/wp-content\/uploads\/2025\/03\/Picture2-6-1.jpg 1680w, https:\/\/avantidressyr.se\/wp-content\/uploads\/2025\/03\/Picture2-6-1-262x300.jpg 262w, https:\/\/avantidressyr.se\/wp-content\/uploads\/2025\/03\/Picture2-6-1-894x1024.jpg 894w, https:\/\/avantidressyr.se\/wp-content\/uploads\/2025\/03\/Picture2-6-1-768x880.jpg 768w, https:\/\/avantidressyr.se\/wp-content\/uploads\/2025\/03\/Picture2-6-1-1341x1536.jpg 1341w\" sizes=\"(max-width: 1680px) 100vw, 1680px\" \/><\/div>\n                    <div class=\"profile-body\">\n                <h2 class=\"profile-title\">Liane Wachtmeister<\/h2>\n                <p class=\"profile-designation\">Member<\/p>\n                <p class=\"profile-content\">Swedish Championship winner, World Championship rider and A-level trainer in dressage<\/p>\n            <\/div>\n            <div class=\"profile-footer\">\n                <ul class=\"social-list\"><\/ul>\n            <\/div>\n                    \n                <\/div>\n            <\/div><\/div>\t\t\t\t<\/div>\n\t\t\t\t<\/div>\n\t\t\t\t<\/div>\n\t\t\t\t<\/div>\n\t\t\t\t<div class=\"elementor-element elementor-element-7c5894d elementor-align-left elementor-mobile-align-left elementor-widget elementor-widget-button\" data-id=\"7c5894d\" data-element_type=\"widget\" data-widget_type=\"button.default\">\n\t\t\t\t<div class=\"elementor-widget-container\">\n\t\t\t\t\t\t\t\t\t<div class=\"elementor-button-wrapper\">\n\t\t\t\t\t<a class=\"elementor-button elementor-button-link elementor-size-sm elementor-animation-float\" href=\"https:\/\/avantidressyr.se\/en\/kontakta-oss\/\">\n\t\t\t\t\t\t<span class=\"elementor-button-content-wrapper\">\n\t\t\t\t\t\t\t\t\t<span class=\"elementor-button-text\">Contact Us<\/span>\n\t\t\t\t\t<\/span>\n\t\t\t\t\t<\/a>\n\t\t\t\t<\/div>\n\t\t\t\t\t\t\t\t<\/div>\n\t\t\t\t<\/div>\n\t\t\t\t\t<\/div>\n\t\t\t\t<\/div>\n\t\t\t\t<\/div>","protected":false},"excerpt":{"rendered":"<p>Om oss Kontakta oss Styrelsen i Avanti Dressyr Vill du komma i kontakt med v\u00e5r styrelse? Maila p\u00e5 info@avantidressyr.se s\u00e5 [&hellip;]<\/p>","protected":false},"author":1,"featured_media":0,"parent":0,"menu_order":0,"comment_status":"closed","ping_status":"closed","template":"","meta":{"site-sidebar-layout":"no-sidebar","site-content-layout":"","ast-site-content-layout":"full-width-container","site-content-style":"default","site-sidebar-style":"default","ast-global-header-display":"","ast-banner-title-visibility":"","ast-main-header-display":"","ast-hfb-above-header-display":"","ast-hfb-below-header-display":"","ast-hfb-mobile-header-display":"","site-post-title":"disabled","ast-breadcrumbs-content":"","ast-featured-img":"disabled","footer-sml-layout":"","theme-transparent-header-meta":"","adv-header-id-meta":"","stick-header-meta":"","header-above-stick-meta":"","header-main-stick-meta":"","header-below-stick-meta":"","astra-migrate-meta-layouts":"default","ast-page-background-enabled":"default","ast-page-background-meta":{"desktop":{"background-color":"var(--ast-global-color-5)","background-image":"","background-repeat":"repeat","background-position":"center center","background-size":"auto","background-attachment":"scroll","background-type":"","background-media":"","overlay-type":"","overlay-color":"","overlay-opacity":"","overlay-gradient":""},"tablet":{"background-color":"","background-image":"","background-repeat":"repeat","background-position":"center center","background-size":"auto","background-attachment":"scroll","background-type":"","background-media":"","overlay-type":"","overlay-color":"","overlay-opacity":"","overlay-gradient":""},"mobile":{"background-color":"","background-image":"","background-repeat":"repeat","background-position":"center center","background-size":"auto","background-attachment":"scroll","background-type":"","background-media":"","overlay-type":"","overlay-color":"","overlay-opacity":"","overlay-gradient":""}},"ast-content-background-meta":{"desktop":{"background-color":"var(--ast-global-color-4)","background-image":"","background-repeat":"repeat","background-position":"center center","background-size":"auto","background-attachment":"scroll","background-type":"","background-media":"","overlay-type":"","overlay-color":"","overlay-opacity":"","overlay-gradient":""},"tablet":{"background-color":"var(--ast-global-color-4)","background-image":"","background-repeat":"repeat","background-position":"center center","background-size":"auto","background-attachment":"scroll","background-type":"","background-media":"","overlay-type":"","overlay-color":"","overlay-opacity":"","overlay-gradient":""},"mobile":{"background-color":"var(--ast-global-color-4)","background-image":"","background-repeat":"repeat","background-position":"center center","background-size":"auto","background-attachment":"scroll","background-type":"","background-media":"","overlay-type":"","overlay-color":"","overlay-opacity":"","overlay-gradient":""}},"footnotes":""},"class_list":["post-13","page","type-page","status-publish","hentry"],"_links":{"self":[{"href":"https:\/\/avantidressyr.se\/en\/wp-json\/wp\/v2\/pages\/13","targetHints":{"allow":["GET"]}}],"collection":[{"href":"https:\/\/avantidressyr.se\/en\/wp-json\/wp\/v2\/pages"}],"about":[{"href":"https:\/\/avantidressyr.se\/en\/wp-json\/wp\/v2\/types\/page"}],"author":[{"embeddable":true,"href":"https:\/\/avantidressyr.se\/en\/wp-json\/wp\/v2\/users\/1"}],"replies":[{"embeddable":true,"href":"https:\/\/avantidressyr.se\/en\/wp-json\/wp\/v2\/comments?post=13"}],"version-history":[{"count":97,"href":"https:\/\/avantidressyr.se\/en\/wp-json\/wp\/v2\/pages\/13\/revisions"}],"predecessor-version":[{"id":883,"href":"https:\/\/avantidressyr.se\/en\/wp-json\/wp\/v2\/pages\/13\/revisions\/883"}],"wp:attachment":[{"href":"https:\/\/avantidressyr.se\/en\/wp-json\/wp\/v2\/media?parent=13"}],"curies":[{"name":"wp","href":"https:\/\/api.w.org\/{rel}","templated":true}]}}