{"id":626,"date":"2025-03-18T11:18:53","date_gmt":"2025-03-18T11:18:53","guid":{"rendered":"https:\/\/avantidressyr.se\/?page_id=626"},"modified":"2025-03-19T06:33:26","modified_gmt":"2025-03-19T06:33:26","slug":"regler-och-villkor","status":"publish","type":"page","link":"https:\/\/avantidressyr.se\/en\/regler-och-villkor\/","title":{"rendered":"Terms and conditions"},"content":{"rendered":"<div data-elementor-type=\"wp-page\" data-elementor-id=\"626\" class=\"elementor elementor-626\" data-elementor-post-type=\"page\">\n\t\t\t\t<div class=\"elementor-element elementor-element-d60cc5b e-flex e-con-boxed e-con e-parent\" data-id=\"d60cc5b\" data-element_type=\"container\" data-settings=\"{&quot;background_background&quot;:&quot;classic&quot;}\">\n\t\t\t\t\t<div class=\"e-con-inner\">\n\t\t\t\t<div class=\"elementor-element elementor-element-6d971e3 elementor-widget elementor-widget-heading\" data-id=\"6d971e3\" data-element_type=\"widget\" data-widget_type=\"heading.default\">\n\t\t\t\t<div class=\"elementor-widget-container\">\n\t\t\t\t\t<h2 class=\"elementor-heading-title elementor-size-default\">Terms and conditions<\/h2>\t\t\t\t<\/div>\n\t\t\t\t<\/div>\n\t\t\t\t\t<\/div>\n\t\t\t\t<\/div>\n\t\t<div class=\"elementor-element elementor-element-0e1a5b6 e-flex e-con-boxed e-con e-parent\" data-id=\"0e1a5b6\" data-element_type=\"container\">\n\t\t\t\t\t<div class=\"e-con-inner\">\n\t\t\t\t<div class=\"elementor-element elementor-element-f5adae4 elementor-widget elementor-widget-heading\" data-id=\"f5adae4\" data-element_type=\"widget\" data-widget_type=\"heading.default\">\n\t\t\t\t<div class=\"elementor-widget-container\">\n\t\t\t\t\t<h2 class=\"elementor-heading-title elementor-size-default\">1. Introduktion<\/h2>\t\t\t\t<\/div>\n\t\t\t\t<\/div>\n\t\t\t\t<div class=\"elementor-element elementor-element-bfb2b82 elementor-widget elementor-widget-text-editor\" data-id=\"bfb2b82\" data-element_type=\"widget\" data-widget_type=\"text-editor.default\">\n\t\t\t\t<div class=\"elementor-widget-container\">\n\t\t\t\t\t\t\t\t\tV\u00e4lkommen till Avanti Dressyr. Genom att g\u00e5 in p\u00e5 eller anv\u00e4nda v\u00e5r webbplats samtycker du till att f\u00f6lja dessa villkor. Om du inte samtycker, v\u00e4nligen avst\u00e5 fr\u00e5n att anv\u00e4nda v\u00e5ra tj\u00e4nster.\t\t\t\t\t\t\t\t<\/div>\n\t\t\t\t<\/div>\n\t\t\t\t<div class=\"elementor-element elementor-element-22fed5a elementor-widget elementor-widget-heading\" data-id=\"22fed5a\" data-element_type=\"widget\" data-widget_type=\"heading.default\">\n\t\t\t\t<div class=\"elementor-widget-container\">\n\t\t\t\t\t<h2 class=\"elementor-heading-title elementor-size-default\">2. Anv\u00e4ndning av webbplatsen<\/h2>\t\t\t\t<\/div>\n\t\t\t\t<\/div>\n\t\t\t\t<div class=\"elementor-element elementor-element-5ba0a14 elementor-widget elementor-widget-text-editor\" data-id=\"5ba0a14\" data-element_type=\"widget\" data-widget_type=\"text-editor.default\">\n\t\t\t\t<div class=\"elementor-widget-container\">\n\t\t\t\t\t\t\t\t\tInneh\u00e5llet p\u00e5 denna webbplats \u00e4r endast f\u00f6r informations- och utbildnings\u00e4ndam\u00e5l.\nDu samtycker till att inte anv\u00e4nda denna webbplats f\u00f6r n\u00e5gra olagliga eller skadliga aktiviteter.\nVi f\u00f6rbeh\u00e5ller oss r\u00e4tten att uppdatera, modifiera eller avbryta n\u00e5gon del av webbplatsen utan f\u00f6reg\u00e5ende meddelande.\t\t\t\t\t\t\t\t<\/div>\n\t\t\t\t<\/div>\n\t\t\t\t<div class=\"elementor-element elementor-element-ec65721 elementor-widget elementor-widget-heading\" data-id=\"ec65721\" data-element_type=\"widget\" data-widget_type=\"heading.default\">\n\t\t\t\t<div class=\"elementor-widget-container\">\n\t\t\t\t\t<h2 class=\"elementor-heading-title elementor-size-default\">3. Immateriella r\u00e4ttigheter\n<\/h2>\t\t\t\t<\/div>\n\t\t\t\t<\/div>\n\t\t\t\t<div class=\"elementor-element elementor-element-e995e07 elementor-widget elementor-widget-text-editor\" data-id=\"e995e07\" data-element_type=\"widget\" data-widget_type=\"text-editor.default\">\n\t\t\t\t<div class=\"elementor-widget-container\">\n\t\t\t\t\t\t\t\t\t<ul><li>Allt inneh\u00e5ll, inklusive text, bilder, logotyper och material, \u00e4r Avanti Dressyrs egendom och skyddas av upphovsr\u00e4ttslagar.<\/li><li>Du f\u00e5r inte kopiera, distribuera eller \u00e4ndra n\u00e5got inneh\u00e5ll utan f\u00f6reg\u00e5ende skriftligt medgivande.<\/li><\/ul>\t\t\t\t\t\t\t\t<\/div>\n\t\t\t\t<\/div>\n\t\t\t\t<div class=\"elementor-element elementor-element-44bcc82 elementor-widget elementor-widget-heading\" data-id=\"44bcc82\" data-element_type=\"widget\" data-widget_type=\"heading.default\">\n\t\t\t\t<div class=\"elementor-widget-container\">\n\t\t\t\t\t<h2 class=\"elementor-heading-title elementor-size-default\">4. Ansvarsbegr\u00e4nsning<\/h2>\t\t\t\t<\/div>\n\t\t\t\t<\/div>\n\t\t\t\t<div class=\"elementor-element elementor-element-02f44ec elementor-widget elementor-widget-text-editor\" data-id=\"02f44ec\" data-element_type=\"widget\" data-widget_type=\"text-editor.default\">\n\t\t\t\t<div class=\"elementor-widget-container\">\n\t\t\t\t\t\t\t\t\t<ul><li>Avanti Dressyr ansvarar inte f\u00f6r eventuella fel, felaktigheter eller utel\u00e4mnanden i webbplatsens inneh\u00e5ll.<\/li><li>Vi \u00e4r inte ansvariga f\u00f6r n\u00e5gra skador eller f\u00f6rluster som uppst\u00e5r p\u00e5 grund av anv\u00e4ndningen av v\u00e5r webbplats eller tj\u00e4nster. medgivande.<\/li><\/ul>\t\t\t\t\t\t\t\t<\/div>\n\t\t\t\t<\/div>\n\t\t\t\t<div class=\"elementor-element elementor-element-5e687f2 elementor-widget elementor-widget-heading\" data-id=\"5e687f2\" data-element_type=\"widget\" data-widget_type=\"heading.default\">\n\t\t\t\t<div class=\"elementor-widget-container\">\n\t\t\t\t\t<h2 class=\"elementor-heading-title elementor-size-default\">5. Externa l\u00e4nkar<\/h2>\t\t\t\t<\/div>\n\t\t\t\t<\/div>\n\t\t\t\t<div class=\"elementor-element elementor-element-ddb7bbb elementor-widget elementor-widget-text-editor\" data-id=\"ddb7bbb\" data-element_type=\"widget\" data-widget_type=\"text-editor.default\">\n\t\t\t\t<div class=\"elementor-widget-container\">\n\t\t\t\t\t\t\t\t\tV\u00e5r webbplats kan inneh\u00e5lla l\u00e4nkar till tredje parts webbplatser. Vi \u00e4r inte ansvariga f\u00f6r inneh\u00e5llet, integritetspolicyn eller praxis p\u00e5 externa webbplatser.\t\t\t\t\t\t\t\t<\/div>\n\t\t\t\t<\/div>\n\t\t\t\t<div class=\"elementor-element elementor-element-36ca5ed elementor-widget elementor-widget-heading\" data-id=\"36ca5ed\" data-element_type=\"widget\" data-widget_type=\"heading.default\">\n\t\t\t\t<div class=\"elementor-widget-container\">\n\t\t\t\t\t<h2 class=\"elementor-heading-title elementor-size-default\">6. Sekretesspolicy<\/h2>\t\t\t\t<\/div>\n\t\t\t\t<\/div>\n\t\t\t\t<div class=\"elementor-element elementor-element-235f5bc elementor-widget elementor-widget-text-editor\" data-id=\"235f5bc\" data-element_type=\"widget\" data-widget_type=\"text-editor.default\">\n\t\t\t\t<div class=\"elementor-widget-container\">\n\t\t\t\t\t\t\t\t\tDin anv\u00e4ndning av denna webbplats styrs ocks\u00e5 av v\u00e5r sekretesspolicy, som beskriver hur vi samlar in och anv\u00e4nder dina uppgifter.\t\t\t\t\t\t\t\t<\/div>\n\t\t\t\t<\/div>\n\t\t\t\t<div class=\"elementor-element elementor-element-6cda9aa elementor-widget elementor-widget-heading\" data-id=\"6cda9aa\" data-element_type=\"widget\" data-widget_type=\"heading.default\">\n\t\t\t\t<div class=\"elementor-widget-container\">\n\t\t\t\t\t<h2 class=\"elementor-heading-title elementor-size-default\">7. \u00c4ndringar av villkoren<\/h2>\t\t\t\t<\/div>\n\t\t\t\t<\/div>\n\t\t\t\t<div class=\"elementor-element elementor-element-b01d166 elementor-widget elementor-widget-text-editor\" data-id=\"b01d166\" data-element_type=\"widget\" data-widget_type=\"text-editor.default\">\n\t\t\t\t<div class=\"elementor-widget-container\">\n\t\t\t\t\t\t\t\t\tVi f\u00f6rbeh\u00e5ller oss r\u00e4tten att n\u00e4r som helst \u00e4ndra dessa villkor. Din fortsatta anv\u00e4ndning av webbplatsen inneb\u00e4r att du accepterar alla uppdateringar.\t\t\t\t\t\t\t\t<\/div>\n\t\t\t\t<\/div>\n\t\t\t\t<div class=\"elementor-element elementor-element-5d8b357 elementor-widget elementor-widget-heading\" data-id=\"5d8b357\" data-element_type=\"widget\" data-widget_type=\"heading.default\">\n\t\t\t\t<div class=\"elementor-widget-container\">\n\t\t\t\t\t<h2 class=\"elementor-heading-title elementor-size-default\">8. Kontaktinformation<\/h2>\t\t\t\t<\/div>\n\t\t\t\t<\/div>\n\t\t\t\t<div class=\"elementor-element elementor-element-540f862 elementor-widget elementor-widget-text-editor\" data-id=\"540f862\" data-element_type=\"widget\" data-widget_type=\"text-editor.default\">\n\t\t\t\t<div class=\"elementor-widget-container\">\n\t\t\t\t\t\t\t\t\tOm du har n\u00e5gra fr\u00e5gor ang\u00e5ende dessa villkor, v\u00e4nligen kontakta oss\t\t\t\t\t\t\t\t<\/div>\n\t\t\t\t<\/div>\n\t\t\t\t\t<\/div>\n\t\t\t\t<\/div>\n\t\t\t\t<\/div>","protected":false},"excerpt":{"rendered":"<p>Regler och villkor 1. Introduktion V\u00e4lkommen till Avanti Dressyr. Genom att g\u00e5 in p\u00e5 eller anv\u00e4nda v\u00e5r webbplats samtycker du [&hellip;]<\/p>","protected":false},"author":1,"featured_media":0,"parent":0,"menu_order":0,"comment_status":"closed","ping_status":"closed","template":"","meta":{"site-sidebar-layout":"no-sidebar","site-content-layout":"","ast-site-content-layout":"full-width-container","site-content-style":"default","site-sidebar-style":"default","ast-global-header-display":"","ast-banner-title-visibility":"","ast-main-header-display":"","ast-hfb-above-header-display":"","ast-hfb-below-header-display":"","ast-hfb-mobile-header-display":"","site-post-title":"disabled","ast-breadcrumbs-content":"","ast-featured-img":"disabled","footer-sml-layout":"","theme-transparent-header-meta":"","adv-header-id-meta":"","stick-header-meta":"","header-above-stick-meta":"","header-main-stick-meta":"","header-below-stick-meta":"","astra-migrate-meta-layouts":"default","ast-page-background-enabled":"default","ast-page-background-meta":{"desktop":{"background-color":"var(--ast-global-color-5)","background-image":"","background-repeat":"repeat","background-position":"center center","background-size":"auto","background-attachment":"scroll","background-type":"","background-media":"","overlay-type":"","overlay-color":"","overlay-opacity":"","overlay-gradient":""},"tablet":{"background-color":"","background-image":"","background-repeat":"repeat","background-position":"center center","background-size":"auto","background-attachment":"scroll","background-type":"","background-media":"","overlay-type":"","overlay-color":"","overlay-opacity":"","overlay-gradient":""},"mobile":{"background-color":"","background-image":"","background-repeat":"repeat","background-position":"center center","background-size":"auto","background-attachment":"scroll","background-type":"","background-media":"","overlay-type":"","overlay-color":"","overlay-opacity":"","overlay-gradient":""}},"ast-content-background-meta":{"desktop":{"background-color":"var(--ast-global-color-4)","background-image":"","background-repeat":"repeat","background-position":"center center","background-size":"auto","background-attachment":"scroll","background-type":"","background-media":"","overlay-type":"","overlay-color":"","overlay-opacity":"","overlay-gradient":""},"tablet":{"background-color":"var(--ast-global-color-4)","background-image":"","background-repeat":"repeat","background-position":"center center","background-size":"auto","background-attachment":"scroll","background-type":"","background-media":"","overlay-type":"","overlay-color":"","overlay-opacity":"","overlay-gradient":""},"mobile":{"background-color":"var(--ast-global-color-4)","background-image":"","background-repeat":"repeat","background-position":"center center","background-size":"auto","background-attachment":"scroll","background-type":"","background-media":"","overlay-type":"","overlay-color":"","overlay-opacity":"","overlay-gradient":""}},"footnotes":""},"class_list":["post-626","page","type-page","status-publish","hentry"],"_links":{"self":[{"href":"https:\/\/avantidressyr.se\/en\/wp-json\/wp\/v2\/pages\/626","targetHints":{"allow":["GET"]}}],"collection":[{"href":"https:\/\/avantidressyr.se\/en\/wp-json\/wp\/v2\/pages"}],"about":[{"href":"https:\/\/avantidressyr.se\/en\/wp-json\/wp\/v2\/types\/page"}],"author":[{"embeddable":true,"href":"https:\/\/avantidressyr.se\/en\/wp-json\/wp\/v2\/users\/1"}],"replies":[{"embeddable":true,"href":"https:\/\/avantidressyr.se\/en\/wp-json\/wp\/v2\/comments?post=626"}],"version-history":[{"count":16,"href":"https:\/\/avantidressyr.se\/en\/wp-json\/wp\/v2\/pages\/626\/revisions"}],"predecessor-version":[{"id":652,"href":"https:\/\/avantidressyr.se\/en\/wp-json\/wp\/v2\/pages\/626\/revisions\/652"}],"wp:attachment":[{"href":"https:\/\/avantidressyr.se\/en\/wp-json\/wp\/v2\/media?parent=626"}],"curies":[{"name":"wp","href":"https:\/\/api.w.org\/{rel}","templated":true}]}}